{"id":1513,"date":"2020-12-21T10:12:53","date_gmt":"2020-12-21T10:12:53","guid":{"rendered":"http:\/\/localhost\/wp_demo_2\/?page_id=1513"},"modified":"2021-10-13T11:13:34","modified_gmt":"2021-10-13T11:13:34","slug":"left-slidebar","status":"publish","type":"page","link":"https:\/\/man.md\/ro\/left-slidebar\/","title":{"rendered":"Left Slidebar"},"content":{"rendered":"\t\t<div data-elementor-type=\"wp-page\" data-elementor-id=\"1513\" class=\"elementor elementor-1513\" data-elementor-settings=\"[]\">\n\t\t\t\t\t\t\t<div class=\"elementor-section-wrap\">\n\t\t\t\t\t\t\t<section class=\"elementor-section elementor-top-section elementor-element elementor-element-72cc elementor-section-boxed elementor-section-height-default elementor-section-height-default\" data-id=\"72cc\" data-element_type=\"section\" id=\"xs_blog_portfolio\">\n\t\t\t\t\t\t<div class=\"elementor-container elementor-column-gap-default\">\n\t\t\t\t\t<div class=\"elementor-column elementor-col-100 elementor-top-column elementor-element elementor-element-34ff\" data-id=\"34ff\" data-element_type=\"column\">\n\t\t\t<div class=\"elementor-widget-wrap elementor-element-populated\">\n\t\t\t\t\t\t\t\t<section class=\"elementor-section elementor-inner-section elementor-element elementor-element-241e elementor-section-boxed elementor-section-height-default elementor-section-height-default\" data-id=\"241e\" data-element_type=\"section\">\n\t\t\t\t\t\t<div class=\"elementor-container elementor-column-gap-default\">\n\t\t\t\t\t<div class=\"elementor-column elementor-col-100 elementor-inner-column elementor-element elementor-element-7059\" data-id=\"7059\" data-element_type=\"column\">\n\t\t\t<div class=\"elementor-widget-wrap elementor-element-populated\">\n\t\t\t\t\t\t\t\t<div class=\"elementor-element elementor-element-b2d030b page_title elementor-widget elementor-widget-heading\" data-id=\"b2d030b\" data-element_type=\"widget\" data-settings=\"{&quot;_animation&quot;:&quot;none&quot;}\" data-widget_type=\"heading.default\">\n\t\t\t\t<div class=\"elementor-widget-container\">\n\t\t\t<h1 class=\"elementor-heading-title elementor-size-default\">left sidebar<\/h1>\t\t<\/div>\n\t\t\t\t<\/div>\n\t\t\t\t<div class=\"elementor-element elementor-element-2ca0 animated-slow elementor-widget elementor-widget-elementskit-blog-posts\" data-id=\"2ca0\" data-element_type=\"widget\" data-settings=\"{&quot;_animation&quot;:&quot;none&quot;}\" data-widget_type=\"elementskit-blog-posts.default\">\n\t\t\t\t<div class=\"elementor-widget-container\">\n\t\t\t<div class=\"ekit-wid-con\" >\n        <div id=\"post-items--2ca0\" class=\"row post-items ekit-blog-posts-content\" data-masonry-config=\"true\">\n\n        \n            \n\n            <div class=\"col-lg-6 col-md-6\">\n\n                                    <div class=\"elementskit-post-image-card\">\n                        <div class=\"elementskit-entry-header\">\n                                                            <a href=\"https:\/\/man.md\/ro\/2020\/06\/03\/real-inspiration\/\" class=\"elementskit-entry-thumb\">\n                                    <img decoding=\"async\" src=\"https:\/\/man.md\/wp-content\/uploads\/2020\/06\/7.jpg\" alt=\"Get Some Useful Car Maintenance Tips\">\n                                <\/a><!-- .elementskit-entry-thumb END -->\n                                                            \n                            \n                                                    <\/div><!-- .elementskit-entry-header END -->\n\n                        <div class=\"elementskit-post-body \">\n                            \n                                                                                                                <div class=\"post-meta-list\">\n                                                                                                <span class=\"meta-date\">\n\n                                <i aria-hidden=\"true\" class=\"far fa-calendar-alt\"><\/i>\n                                <span class=\"meta-date-text\">\n                                    miercuri,  3 iunie 2020                                <\/span>\n                            <\/span>\n                                                                                                                                                                                                <span class=\"post-cat\">\n\n                                <i aria-hidden=\"true\" class=\"far fa-folder-open\"><\/i>\n                                <a href=\"https:\/\/man.md\/ro\/category\/crossover\/\" rel=\"category tag\">Crossover<\/a>                            <\/span>\n                                                                                    <\/div>\n                                                                        \n                                        \n                                                                                                <h2 class=\"entry-title\">\n                    <a href=\"https:\/\/man.md\/ro\/2020\/06\/03\/real-inspiration\/\">\n                            Get Some Useful Car Maintenance Tips                    <\/a>\n                <\/h2>\n                                                                                                                                                                                            <p>At vero eos et accusamus et iusto odio dignissimos qui praesentium voluptatum deleniti atque corrupti quo.Suspendisse faucibus gravida orci aliquam cursus. Nunc congue quam augue, id tincidunt nisl pulvinar eu. Vivamus sollicitudin orci ut mattis scelerisque. Aenean aliquam libero libero, eget consectetur ante faucibus non. Sed venenatis tellus ac dictum posuere. Quisque at tempor elit.&hellip; <a class=\"more-link\" href=\"https:\/\/man.md\/ro\/2020\/06\/03\/real-inspiration\/\">Continue reading <span class=\"screen-reader-text\">Get Some Useful Car Maintenance Tips<\/span><\/a><\/p>\n                                                                                                                                                <\/div><!-- .elementskit-post-body END -->\n                    <\/div>\n                \n            <\/div>\n\n            \n            \n\n            <div class=\"col-lg-6 col-md-6\">\n\n                                    <div class=\"elementskit-post-image-card\">\n                        <div class=\"elementskit-entry-header\">\n                                                            <a href=\"https:\/\/man.md\/ro\/2020\/08\/18\/true-happiness\/\" class=\"elementskit-entry-thumb\">\n                                    <img decoding=\"async\" src=\"https:\/\/man.md\/wp-content\/uploads\/2020\/08\/8.jpg\" alt=\"The Importance of the Suspension System\">\n                                <\/a><!-- .elementskit-entry-thumb END -->\n                                                            \n                            \n                                                    <\/div><!-- .elementskit-entry-header END -->\n\n                        <div class=\"elementskit-post-body \">\n                            \n                                                                                                                <div class=\"post-meta-list\">\n                                                                                                <span class=\"meta-date\">\n\n                                <i aria-hidden=\"true\" class=\"far fa-calendar-alt\"><\/i>\n                                <span class=\"meta-date-text\">\n                                    mar\u021bi, 18 august 2020                                <\/span>\n                            <\/span>\n                                                                                                                                                                                                <span class=\"post-cat\">\n\n                                <i aria-hidden=\"true\" class=\"far fa-folder-open\"><\/i>\n                                <a href=\"https:\/\/man.md\/ro\/category\/hatchback\/\" rel=\"category tag\">Hatchback<\/a> | <a href=\"https:\/\/man.md\/ro\/category\/travel-guides\/\" rel=\"category tag\">Travel Guides<\/a>                            <\/span>\n                                                                                    <\/div>\n                                                                        \n                                        \n                                                                                                <h2 class=\"entry-title\">\n                    <a href=\"https:\/\/man.md\/ro\/2020\/08\/18\/true-happiness\/\">\n                            The Importance of the Suspension System                    <\/a>\n                <\/h2>\n                                                                                                                                                                                                                                                                                                                                            <\/div><!-- .elementskit-post-body END -->\n                    <\/div>\n                \n            <\/div>\n\n            \n            \n\n            <div class=\"col-lg-6 col-md-6\">\n\n                                    <div class=\"elementskit-post-image-card\">\n                        <div class=\"elementskit-entry-header\">\n                                                            <a href=\"https:\/\/man.md\/ro\/2020\/09\/12\/best-outfits\/\" class=\"elementskit-entry-thumb\">\n                                    <img decoding=\"async\" src=\"https:\/\/man.md\/wp-content\/uploads\/2020\/09\/11.jpg\" alt=\"Automobile Wheel and Rim Trends for 2021\">\n                                <\/a><!-- .elementskit-entry-thumb END -->\n                                                            \n                            \n                                                    <\/div><!-- .elementskit-entry-header END -->\n\n                        <div class=\"elementskit-post-body \">\n                            \n                                                                                                                <div class=\"post-meta-list\">\n                                                                                                <span class=\"meta-date\">\n\n                                <i aria-hidden=\"true\" class=\"far fa-calendar-alt\"><\/i>\n                                <span class=\"meta-date-text\">\n                                    s\u00e2mb\u0103t\u0103, 12 septembrie 2020                                <\/span>\n                            <\/span>\n                                                                                                                                                                                                <span class=\"post-cat\">\n\n                                <i aria-hidden=\"true\" class=\"far fa-folder-open\"><\/i>\n                                <a href=\"https:\/\/man.md\/ro\/category\/hatchback\/\" rel=\"category tag\">Hatchback<\/a> | <a href=\"https:\/\/man.md\/ro\/category\/skoda-yeti\/\" rel=\"category tag\">Skoda Yeti<\/a>                            <\/span>\n                                                                                    <\/div>\n                                                                        \n                                        \n                                                                                                <h2 class=\"entry-title\">\n                    <a href=\"https:\/\/man.md\/ro\/2020\/09\/12\/best-outfits\/\">\n                            Automobile Wheel and Rim Trends for 2021                    <\/a>\n                <\/h2>\n                                                                                                                                                                                                                                                                                                                                            <\/div><!-- .elementskit-post-body END -->\n                    <\/div>\n                \n            <\/div>\n\n            \n            \n\n            <div class=\"col-lg-6 col-md-6\">\n\n                                    <div class=\"elementskit-post-image-card\">\n                        <div class=\"elementskit-entry-header\">\n                                                            <a href=\"https:\/\/man.md\/ro\/2020\/11\/22\/best-moments\/\" class=\"elementskit-entry-thumb\">\n                                    <img decoding=\"async\" src=\"https:\/\/man.md\/wp-content\/uploads\/2020\/11\/4.jpg\" alt=\"5 Tips to Get Cheaper Car Insurance in UK\">\n                                <\/a><!-- .elementskit-entry-thumb END -->\n                                                            \n                            \n                                                    <\/div><!-- .elementskit-entry-header END -->\n\n                        <div class=\"elementskit-post-body \">\n                            \n                                                                                                                <div class=\"post-meta-list\">\n                                                                                                <span class=\"meta-date\">\n\n                                <i aria-hidden=\"true\" class=\"far fa-calendar-alt\"><\/i>\n                                <span class=\"meta-date-text\">\n                                    duminic\u0103, 22 noiembrie 2020                                <\/span>\n                            <\/span>\n                                                                                                                                                                                                <span class=\"post-cat\">\n\n                                <i aria-hidden=\"true\" class=\"far fa-folder-open\"><\/i>\n                                <a href=\"https:\/\/man.md\/ro\/category\/crossover\/\" rel=\"category tag\">Crossover<\/a> | <a href=\"https:\/\/man.md\/ro\/category\/skoda-yeti\/\" rel=\"category tag\">Skoda Yeti<\/a>                            <\/span>\n                                                                                    <\/div>\n                                                                        \n                                        \n                                                                                                <h2 class=\"entry-title\">\n                    <a href=\"https:\/\/man.md\/ro\/2020\/11\/22\/best-moments\/\">\n                            5 Tips to Get Cheaper Car Insurance in UK                    <\/a>\n                <\/h2>\n                                                                                                                                                                                            <p>Lorem ipsum dolor sit amet, consectetur adipiscing elit, sed do eiusmod tempor incididunt ut labore et dolore magna aliqua. Ut enim ad minim veniam, quis nostrud exercitation ullamco laboris nisi ut aliquip ex ea commodo consequat. Duis aute irure dolor in reprehenderit in voluptate velit esse cillum dolore eu fugiat nulla pariatur. Excepteur sint occaecat&hellip; <a class=\"more-link\" href=\"https:\/\/man.md\/ro\/2020\/11\/22\/best-moments\/\">Continue reading <span class=\"screen-reader-text\">5 Tips to Get Cheaper Car Insurance in UK<\/span><\/a><\/p>\n                                                                                                                                                <\/div><!-- .elementskit-post-body END -->\n                    <\/div>\n                \n            <\/div>\n\n            \n            \n\n            <div class=\"col-lg-6 col-md-6\">\n\n                                    <div class=\"elementskit-post-image-card\">\n                        <div class=\"elementskit-entry-header\">\n                                                            <a href=\"https:\/\/man.md\/ro\/2020\/12\/22\/wedding-photographer-2\/\" class=\"elementskit-entry-thumb\">\n                                    <img decoding=\"async\" src=\"https:\/\/man.md\/wp-content\/uploads\/2020\/12\/10.jpg\" alt=\"Get Some Useful Car Maintenance Tips\">\n                                <\/a><!-- .elementskit-entry-thumb END -->\n                                                            \n                            \n                                                    <\/div><!-- .elementskit-entry-header END -->\n\n                        <div class=\"elementskit-post-body \">\n                            \n                                                                                                                <div class=\"post-meta-list\">\n                                                                                                <span class=\"meta-date\">\n\n                                <i aria-hidden=\"true\" class=\"far fa-calendar-alt\"><\/i>\n                                <span class=\"meta-date-text\">\n                                    mar\u021bi, 22 decembrie 2020                                <\/span>\n                            <\/span>\n                                                                                                                                                                                                <span class=\"post-cat\">\n\n                                <i aria-hidden=\"true\" class=\"far fa-folder-open\"><\/i>\n                                <a href=\"https:\/\/man.md\/ro\/category\/mahindra-scorpio\/\" rel=\"category tag\">Mahindra Scorpio<\/a>                            <\/span>\n                                                                                    <\/div>\n                                                                        \n                                        \n                                                                                                <h2 class=\"entry-title\">\n                    <a href=\"https:\/\/man.md\/ro\/2020\/12\/22\/wedding-photographer-2\/\">\n                            Get Some Useful Car Maintenance Tips                    <\/a>\n                <\/h2>\n                                                                                                                                                                                            <p>The European languages are members of the same family. Their separate existence is a myth. For science, music, sport, etc, Europe uses the same vocabulary. The languages only differ in their grammar, their pronunciation and their most common words. The new common language will be more simple and regular than the existing European languages. It&hellip; <a class=\"more-link\" href=\"https:\/\/man.md\/ro\/2020\/12\/22\/wedding-photographer-2\/\">Continue reading <span class=\"screen-reader-text\">Get Some Useful Car Maintenance Tips<\/span><\/a><\/p>\n                                                                                                                                                <\/div><!-- .elementskit-post-body END -->\n                    <\/div>\n                \n            <\/div>\n\n            \n            \n\n            <div class=\"col-lg-6 col-md-6\">\n\n                                    <div class=\"elementskit-post-image-card\">\n                        <div class=\"elementskit-entry-header\">\n                                                            <a href=\"https:\/\/man.md\/ro\/2021\/01\/01\/drink\/\" class=\"elementskit-entry-thumb\">\n                                    <img decoding=\"async\" src=\"https:\/\/man.md\/wp-content\/uploads\/2021\/01\/5.jpg\" alt=\"The Power of a Proper Tune Up on car\">\n                                <\/a><!-- .elementskit-entry-thumb END -->\n                                                            \n                            \n                                                    <\/div><!-- .elementskit-entry-header END -->\n\n                        <div class=\"elementskit-post-body \">\n                            \n                                                                                                                <div class=\"post-meta-list\">\n                                                                                                <span class=\"meta-date\">\n\n                                <i aria-hidden=\"true\" class=\"far fa-calendar-alt\"><\/i>\n                                <span class=\"meta-date-text\">\n                                    vineri,  1 ianuarie 2021                                <\/span>\n                            <\/span>\n                                                                                                                                                                                                <span class=\"post-cat\">\n\n                                <i aria-hidden=\"true\" class=\"far fa-folder-open\"><\/i>\n                                <a href=\"https:\/\/man.md\/ro\/category\/coupe\/\" rel=\"category tag\">Coupe<\/a>                            <\/span>\n                                                                                    <\/div>\n                                                                        \n                                        \n                                                                                                <h2 class=\"entry-title\">\n                    <a href=\"https:\/\/man.md\/ro\/2021\/01\/01\/drink\/\">\n                            The Power of a Proper Tune Up on car                    <\/a>\n                <\/h2>\n                                                                                                                                                                                            <p>Praesent congue et ligula vel suscipit. Nullam sit amet nunc aliquet, finibus nisl interdum, tristique mauris. Fusce imperdiet a odio sed volutpat. Quisque mattis efficitur ultrices. Cras eget faucibus ante. Aenean vel semper lacus, nec scelerisque nisi. Fusce egestas condimentum turpis sit amet hendrerit. Aenean imperdiet dictum elit. Nunc ultricies rhoncus laoreet. Integer sapien orci,&hellip; <a class=\"more-link\" href=\"https:\/\/man.md\/ro\/2021\/01\/01\/drink\/\">Continue reading <span class=\"screen-reader-text\">The Power of a Proper Tune Up on car<\/span><\/a><\/p>\n                                                                                                                                                <\/div><!-- .elementskit-post-body END -->\n                    <\/div>\n                \n            <\/div>\n\n                    <\/div>\n        \n        \n        <\/div>\t\t<\/div>\n\t\t\t\t<\/div>\n\t\t\t\t\t<\/div>\n\t\t<\/div>\n\t\t\t\t\t\t\t<\/div>\n\t\t<\/section>\n\t\t\t\t\t<\/div>\n\t\t<\/div>\n\t\t\t\t\t\t\t<\/div>\n\t\t<\/section>\n\t\t\t\t<section class=\"elementor-section elementor-top-section elementor-element elementor-element-a6d7f7f elementor-section-boxed elementor-section-height-default elementor-section-height-default\" data-id=\"a6d7f7f\" data-element_type=\"section\">\n\t\t\t\t\t\t<div class=\"elementor-container elementor-column-gap-default\">\n\t\t\t\t\t<div class=\"elementor-column elementor-col-100 elementor-top-column elementor-element elementor-element-eab8184\" data-id=\"eab8184\" data-element_type=\"column\">\n\t\t\t<div class=\"elementor-widget-wrap\">\n\t\t\t\t\t\t\t\t\t<\/div>\n\t\t<\/div>\n\t\t\t\t\t\t\t<\/div>\n\t\t<\/section>\n\t\t\t\t\t\t<\/div>\n\t\t\t\t\t<\/div>\n\t\t","protected":false},"excerpt":{"rendered":"<p>left sidebar Home June 3, 2020 Spote Get Some Useful Car Maintenance Tips At vero eos et accusamus et iusto odio dignissimos qui praesentium voluptatum deleniti atque corrupti quo.Suspendisse faucibus gravida orci aliquam cursus. Nunc congue quam augue, id tincidunt nisl pulvinar eu. Vivamus sollicitudin orci ut mattis scelerisque. Aenean aliquam libero libero, eget consectetur&hellip; <a class=\"more-link\" href=\"https:\/\/man.md\/ro\/2021\/01\/01\/drink\/\">Continue reading <span class=\"screen-reader-text\">The Power of a Proper Tune Up on car<\/span><\/a><\/p>\n","protected":false},"author":1,"featured_media":0,"parent":0,"menu_order":0,"comment_status":"closed","ping_status":"closed","template":"sidebar-template.php","meta":{"_monsterinsights_skip_tracking":false,"_monsterinsights_sitenote_active":false,"_monsterinsights_sitenote_note":"","_monsterinsights_sitenote_category":0,"footnotes":""},"class_list":["post-1513","page","type-page","status-publish","hentry","entry"],"_links":{"self":[{"href":"https:\/\/man.md\/ro\/wp-json\/wp\/v2\/pages\/1513","targetHints":{"allow":["GET"]}}],"collection":[{"href":"https:\/\/man.md\/ro\/wp-json\/wp\/v2\/pages"}],"about":[{"href":"https:\/\/man.md\/ro\/wp-json\/wp\/v2\/types\/page"}],"author":[{"embeddable":true,"href":"https:\/\/man.md\/ro\/wp-json\/wp\/v2\/users\/1"}],"replies":[{"embeddable":true,"href":"https:\/\/man.md\/ro\/wp-json\/wp\/v2\/comments?post=1513"}],"version-history":[{"count":1,"href":"https:\/\/man.md\/ro\/wp-json\/wp\/v2\/pages\/1513\/revisions"}],"predecessor-version":[{"id":15501,"href":"https:\/\/man.md\/ro\/wp-json\/wp\/v2\/pages\/1513\/revisions\/15501"}],"wp:attachment":[{"href":"https:\/\/man.md\/ro\/wp-json\/wp\/v2\/media?parent=1513"}],"curies":[{"name":"wp","href":"https:\/\/api.w.org\/{rel}","templated":true}]}}