{"id":1521,"date":"2020-12-21T10:13:56","date_gmt":"2020-12-21T10:13:56","guid":{"rendered":"http:\/\/localhost\/wp_demo_2\/?page_id=1521"},"modified":"2020-12-21T10:13:56","modified_gmt":"2020-12-21T10:13:56","slug":"blog-category","status":"publish","type":"page","link":"https:\/\/man.md\/ro\/blog-category\/","title":{"rendered":"Blog Category"},"content":{"rendered":"\t\t<div data-elementor-type=\"wp-page\" data-elementor-id=\"1521\" class=\"elementor elementor-1521\" data-elementor-settings=\"[]\">\n\t\t\t\t\t\t\t<div class=\"elementor-section-wrap\">\n\t\t\t\t\t\t\t<section class=\"elementor-section elementor-top-section elementor-element elementor-element-f85c303 elementor-section-boxed elementor-section-height-default elementor-section-height-default\" data-id=\"f85c303\" data-element_type=\"section\">\n\t\t\t\t\t\t<div class=\"elementor-container elementor-column-gap-default\">\n\t\t\t\t\t<div class=\"elementor-column elementor-col-100 elementor-top-column elementor-element elementor-element-447daf9 blog_right\" data-id=\"447daf9\" data-element_type=\"column\">\n\t\t\t<div class=\"elementor-widget-wrap elementor-element-populated\">\n\t\t\t\t\t\t\t\t<div class=\"elementor-element elementor-element-f9a775e page_title elementor-widget elementor-widget-heading\" data-id=\"f9a775e\" data-element_type=\"widget\" data-widget_type=\"heading.default\">\n\t\t\t\t<div class=\"elementor-widget-container\">\n\t\t\t<h1 class=\"elementor-heading-title elementor-size-default\">CATEGORY ARCHIVES: POPULAR <\/h1>\t\t<\/div>\n\t\t\t\t<\/div>\n\t\t\t\t\t<\/div>\n\t\t<\/div>\n\t\t\t\t\t\t\t<\/div>\n\t\t<\/section>\n\t\t\t\t<section class=\"elementor-section elementor-top-section elementor-element elementor-element-1be2752 elementor-section-boxed elementor-section-height-default elementor-section-height-default\" data-id=\"1be2752\" data-element_type=\"section\">\n\t\t\t\t\t\t<div class=\"elementor-container elementor-column-gap-default\">\n\t\t\t\t\t<div class=\"elementor-column elementor-col-100 elementor-top-column elementor-element elementor-element-1c8a5b9\" data-id=\"1c8a5b9\" data-element_type=\"column\">\n\t\t\t<div class=\"elementor-widget-wrap elementor-element-populated\">\n\t\t\t\t\t\t\t\t<div class=\"elementor-element elementor-element-78e344b animated-slow elementor-widget elementor-widget-elementskit-blog-posts\" data-id=\"78e344b\" data-element_type=\"widget\" data-settings=\"{&quot;_animation&quot;:&quot;none&quot;}\" data-widget_type=\"elementskit-blog-posts.default\">\n\t\t\t\t<div class=\"elementor-widget-container\">\n\t\t\t<div class=\"ekit-wid-con\" >\n        <div id=\"post-items--78e344b\" class=\"row post-items ekit-blog-posts-content\">\n\n        \n            \n\n            <div class=\"col-lg-6 col-md-6\">\n\n                                    <div class=\"elementskit-post-image-card\">\n                        <div class=\"elementskit-entry-header\">\n                                                            <a href=\"https:\/\/man.md\/ro\/2020\/08\/18\/true-happiness\/\" class=\"elementskit-entry-thumb\">\n                                    <img decoding=\"async\" src=\"https:\/\/man.md\/wp-content\/uploads\/2020\/08\/8.jpg\" alt=\"The Importance of the Suspension System\">\n                                <\/a><!-- .elementskit-entry-thumb END -->\n                                                            \n                            \n                                                    <\/div><!-- .elementskit-entry-header END -->\n\n                        <div class=\"elementskit-post-body \">\n                            \n                                                                                                                <div class=\"post-meta-list\">\n                                                                                                <span class=\"meta-date\">\n\n                                <i aria-hidden=\"true\" class=\"far fa-calendar-alt\"><\/i>\n                                <span class=\"meta-date-text\">\n                                    mar\u021bi, 18 august 2020                                <\/span>\n                            <\/span>\n                                                                                                                                                                                                <span class=\"post-cat\">\n\n                                <i aria-hidden=\"true\" class=\"far fa-folder-open\"><\/i>\n                                <a href=\"https:\/\/man.md\/ro\/category\/hatchback\/\" rel=\"category tag\">Hatchback<\/a> | <a href=\"https:\/\/man.md\/ro\/category\/travel-guides\/\" rel=\"category tag\">Travel Guides<\/a>                            <\/span>\n                                                                                    <\/div>\n                                                                        \n                                        \n                                                                                                <h2 class=\"entry-title\">\n                    <a href=\"https:\/\/man.md\/ro\/2020\/08\/18\/true-happiness\/\">\n                            The Importance of the Suspension System                    <\/a>\n                <\/h2>\n                                                                                                                                                                                                                                                                                                                                            <\/div><!-- .elementskit-post-body END -->\n                    <\/div>\n                \n            <\/div>\n\n            \n            \n\n            <div class=\"col-lg-6 col-md-6\">\n\n                                    <div class=\"elementskit-post-image-card\">\n                        <div class=\"elementskit-entry-header\">\n                                                            <a href=\"https:\/\/man.md\/ro\/2020\/09\/12\/best-outfits\/\" class=\"elementskit-entry-thumb\">\n                                    <img decoding=\"async\" src=\"https:\/\/man.md\/wp-content\/uploads\/2020\/09\/11.jpg\" alt=\"Automobile Wheel and Rim Trends for 2021\">\n                                <\/a><!-- .elementskit-entry-thumb END -->\n                                                            \n                            \n                                                    <\/div><!-- .elementskit-entry-header END -->\n\n                        <div class=\"elementskit-post-body \">\n                            \n                                                                                                                <div class=\"post-meta-list\">\n                                                                                                <span class=\"meta-date\">\n\n                                <i aria-hidden=\"true\" class=\"far fa-calendar-alt\"><\/i>\n                                <span class=\"meta-date-text\">\n                                    s\u00e2mb\u0103t\u0103, 12 septembrie 2020                                <\/span>\n                            <\/span>\n                                                                                                                                                                                                <span class=\"post-cat\">\n\n                                <i aria-hidden=\"true\" class=\"far fa-folder-open\"><\/i>\n                                <a href=\"https:\/\/man.md\/ro\/category\/hatchback\/\" rel=\"category tag\">Hatchback<\/a> | <a href=\"https:\/\/man.md\/ro\/category\/skoda-yeti\/\" rel=\"category tag\">Skoda Yeti<\/a>                            <\/span>\n                                                                                    <\/div>\n                                                                        \n                                        \n                                                                                                <h2 class=\"entry-title\">\n                    <a href=\"https:\/\/man.md\/ro\/2020\/09\/12\/best-outfits\/\">\n                            Automobile Wheel and Rim Trends for 2021                    <\/a>\n                <\/h2>\n                                                                                                                                                                                                                                                                                                                                            <\/div><!-- .elementskit-post-body END -->\n                    <\/div>\n                \n            <\/div>\n\n                    <\/div>\n        \n        \n        <\/div>\t\t<\/div>\n\t\t\t\t<\/div>\n\t\t\t\t\t<\/div>\n\t\t<\/div>\n\t\t\t\t\t\t\t<\/div>\n\t\t<\/section>\n\t\t\t\t\t\t<\/div>\n\t\t\t\t\t<\/div>\n\t\t","protected":false},"excerpt":{"rendered":"<p>CATEGORY ARCHIVES: POPULAR September 22, 2018 Popular | Video2 Cuisine Culture Jason Santa MariaCurabitur efficitur justo vitae purus varius gravida. Pellentesque posuere, magna ut consectetur gravida, enim ipsum maximus dolor, et semper sapien erat vel purus. Vestibulum non tortor id nisl rhoncus scelerisque. Aliquam erat volutpat. Morbi faucibus eros mattis tellus scelerisque, sit amet iaculis&hellip; <a class=\"more-link\" href=\"https:\/\/man.md\/ro\/2020\/09\/12\/best-outfits\/\">Continue reading <span class=\"screen-reader-text\">Automobile Wheel and Rim Trends for 2021<\/span><\/a><\/p>\n","protected":false},"author":1,"featured_media":0,"parent":0,"menu_order":0,"comment_status":"closed","ping_status":"closed","template":"sidebar-template.php","meta":{"_monsterinsights_skip_tracking":false,"_monsterinsights_sitenote_active":false,"_monsterinsights_sitenote_note":"","_monsterinsights_sitenote_category":0,"footnotes":""},"class_list":["post-1521","page","type-page","status-publish","hentry","entry"],"_links":{"self":[{"href":"https:\/\/man.md\/ro\/wp-json\/wp\/v2\/pages\/1521","targetHints":{"allow":["GET"]}}],"collection":[{"href":"https:\/\/man.md\/ro\/wp-json\/wp\/v2\/pages"}],"about":[{"href":"https:\/\/man.md\/ro\/wp-json\/wp\/v2\/types\/page"}],"author":[{"embeddable":true,"href":"https:\/\/man.md\/ro\/wp-json\/wp\/v2\/users\/1"}],"replies":[{"embeddable":true,"href":"https:\/\/man.md\/ro\/wp-json\/wp\/v2\/comments?post=1521"}],"version-history":[{"count":0,"href":"https:\/\/man.md\/ro\/wp-json\/wp\/v2\/pages\/1521\/revisions"}],"wp:attachment":[{"href":"https:\/\/man.md\/ro\/wp-json\/wp\/v2\/media?parent=1521"}],"curies":[{"name":"wp","href":"https:\/\/api.w.org\/{rel}","templated":true}]}}