{"id":16587,"date":"2021-11-05T15:46:46","date_gmt":"2021-11-05T15:46:46","guid":{"rendered":"https:\/\/man.md\/?page_id=16587"},"modified":"2021-11-08T13:48:04","modified_gmt":"2021-11-08T13:48:04","slug":"man-tgs","status":"publish","type":"page","link":"https:\/\/man.md\/ro\/man-tgs\/","title":{"rendered":"MAN TGS"},"content":{"rendered":"\t\t<div data-elementor-type=\"wp-page\" data-elementor-id=\"16587\" class=\"elementor elementor-16587\" data-elementor-settings=\"[]\">\n\t\t\t\t\t\t\t<div class=\"elementor-section-wrap\">\n\t\t\t\t\t\t\t<section class=\"elementor-section elementor-top-section elementor-element elementor-element-67f25386 elementor-section-full_width home_d_slider elementor-section-height-default elementor-section-height-default\" data-id=\"67f25386\" data-element_type=\"section\" data-settings=\"{&quot;background_background&quot;:&quot;video&quot;,&quot;background_video_link&quot;:&quot;https:\\\/\\\/www.youtube.com\\\/watch?v=qNjjwDvnCWg&quot;,&quot;background_play_on_mobile&quot;:&quot;yes&quot;}\">\n\t\t\t\t\t\t\t\t<div class=\"elementor-background-video-container\">\n\t\t\t\t\t\t\t\t\t\t\t\t\t<div class=\"elementor-background-video-embed\"><\/div>\n\t\t\t\t\t\t\t\t\t\t\t\t<\/div>\n\t\t\t\t\t\t\t\t<div class=\"elementor-container elementor-column-gap-default\">\n\t\t\t\t\t<div class=\"elementor-column elementor-col-100 elementor-top-column elementor-element elementor-element-6e4e4da6\" data-id=\"6e4e4da6\" data-element_type=\"column\">\n\t\t\t<div class=\"elementor-widget-wrap\">\n\t\t\t\t\t\t\t\t\t<\/div>\n\t\t<\/div>\n\t\t\t\t\t\t\t<\/div>\n\t\t<\/section>\n\t\t\t\t<section class=\"elementor-section elementor-top-section elementor-element elementor-element-36301261 elementor-section-boxed elementor-section-height-default elementor-section-height-default\" data-id=\"36301261\" data-element_type=\"section\">\n\t\t\t\t\t\t<div class=\"elementor-container elementor-column-gap-default\">\n\t\t\t\t\t<div class=\"elementor-column elementor-col-100 elementor-top-column elementor-element elementor-element-6c73a7e8\" data-id=\"6c73a7e8\" data-element_type=\"column\">\n\t\t\t<div class=\"elementor-widget-wrap elementor-element-populated\">\n\t\t\t\t\t\t\t\t<div class=\"elementor-element elementor-element-53f68e1 elementor-widget elementor-widget-spacer\" data-id=\"53f68e1\" data-element_type=\"widget\" data-widget_type=\"spacer.default\">\n\t\t\t\t<div class=\"elementor-widget-container\">\n\t\t\t\t\t<div class=\"elementor-spacer\">\n\t\t\t<div class=\"elementor-spacer-inner\"><\/div>\n\t\t<\/div>\n\t\t\t\t<\/div>\n\t\t\t\t<\/div>\n\t\t\t\t\t<\/div>\n\t\t<\/div>\n\t\t\t\t\t\t\t<\/div>\n\t\t<\/section>\n\t\t\t\t<section class=\"elementor-section elementor-top-section elementor-element elementor-element-2537a1ab elementor-section-full_width col__margin elementor-section-height-default elementor-section-height-default\" data-id=\"2537a1ab\" data-element_type=\"section\">\n\t\t\t\t\t\t<div class=\"elementor-container elementor-column-gap-default\">\n\t\t\t\t\t<div class=\"elementor-column elementor-col-50 elementor-top-column elementor-element elementor-element-339a9c44\" data-id=\"339a9c44\" data-element_type=\"column\" data-settings=\"{&quot;background_background&quot;:&quot;slideshow&quot;,&quot;background_slideshow_gallery&quot;:[{&quot;id&quot;:16722,&quot;url&quot;:&quot;https:\\\/\\\/man.md\\\/wp-content\\\/uploads\\\/2021\\\/11\\\/man-lkw-tgs-driver-fit-teaser-1-1_width_800_height_600.jpg&quot;}],&quot;background_slideshow_loop&quot;:&quot;yes&quot;,&quot;background_slideshow_slide_duration&quot;:5000,&quot;background_slideshow_slide_transition&quot;:&quot;fade&quot;,&quot;background_slideshow_transition_duration&quot;:500}\">\n\t\t\t<div class=\"elementor-widget-wrap elementor-element-populated\">\n\t\t\t\t\t\t\t\t<div class=\"elementor-element elementor-element-3fd05b36 elementor-widget elementor-widget-heading\" data-id=\"3fd05b36\" data-element_type=\"widget\" data-widget_type=\"heading.default\">\n\t\t\t\t<div class=\"elementor-widget-container\">\n\t\t\t<h2 class=\"elementor-heading-title elementor-size-default\">MOTTO-UL NOSTRU ESTE UN \u0218OFER \u00ceN CENTRU DE ATEN\u021aIE<br>La MAN TGS, \u0219oferul este \u00eentotdeauna \u00een centrul aten\u021biei. <\/h2>\t\t<\/div>\n\t\t\t\t<\/div>\n\t\t\t\t\t<\/div>\n\t\t<\/div>\n\t\t\t\t<div class=\"elementor-column elementor-col-50 elementor-top-column elementor-element elementor-element-29ac403c\" data-id=\"29ac403c\" data-element_type=\"column\" data-settings=\"{&quot;background_background&quot;:&quot;slideshow&quot;,&quot;background_slideshow_gallery&quot;:[{&quot;id&quot;:16723,&quot;url&quot;:&quot;https:\\\/\\\/man.md\\\/wp-content\\\/uploads\\\/2021\\\/11\\\/man-lkw-tgs-efficiency-teaser-1-1_width_800_height_600.jpg&quot;}],&quot;background_slideshow_loop&quot;:&quot;yes&quot;,&quot;background_slideshow_slide_duration&quot;:5000,&quot;background_slideshow_slide_transition&quot;:&quot;fade&quot;,&quot;background_slideshow_transition_duration&quot;:500}\">\n\t\t\t<div class=\"elementor-widget-wrap elementor-element-populated\">\n\t\t\t\t\t\t\t\t<div class=\"elementor-element elementor-element-3d329965 elementor-widget elementor-widget-heading\" data-id=\"3d329965\" data-element_type=\"widget\" data-widget_type=\"heading.default\">\n\t\t\t\t<div class=\"elementor-widget-container\">\n\t\t\t<h2 class=\"elementor-heading-title elementor-size-default\">EFICIEN\u021aA MAXIM\u0102 ESTE U\u0218OAR\u0102<br>MAN TGS ofer\u0103 o eficien\u021b\u0103 ridicat\u0103 la costuri reduse. \n<\/h2>\t\t<\/div>\n\t\t\t\t<\/div>\n\t\t\t\t\t<\/div>\n\t\t<\/div>\n\t\t\t\t\t\t\t<\/div>\n\t\t<\/section>\n\t\t\t\t<section class=\"elementor-section elementor-top-section elementor-element elementor-element-f7f715 elementor-section-full_width col__margin elementor-section-height-default elementor-section-height-default\" data-id=\"f7f715\" data-element_type=\"section\">\n\t\t\t\t\t\t<div class=\"elementor-container elementor-column-gap-default\">\n\t\t\t\t\t<div class=\"elementor-column elementor-col-50 elementor-top-column elementor-element elementor-element-27ff4adf\" data-id=\"27ff4adf\" data-element_type=\"column\" data-settings=\"{&quot;background_background&quot;:&quot;slideshow&quot;,&quot;background_slideshow_gallery&quot;:[{&quot;id&quot;:16724,&quot;url&quot;:&quot;https:\\\/\\\/man.md\\\/wp-content\\\/uploads\\\/2021\\\/11\\\/man-lkw-tgs-fahrzeugverfuegbarkeit-teaser-1-1_width_800_height_600.jpg&quot;}],&quot;background_slideshow_loop&quot;:&quot;yes&quot;,&quot;background_slideshow_slide_duration&quot;:5000,&quot;background_slideshow_slide_transition&quot;:&quot;fade&quot;,&quot;background_slideshow_transition_duration&quot;:500}\">\n\t\t\t<div class=\"elementor-widget-wrap elementor-element-populated\">\n\t\t\t\t\t\t\t\t<div class=\"elementor-element elementor-element-4e37638d elementor-widget elementor-widget-heading\" data-id=\"4e37638d\" data-element_type=\"widget\" data-widget_type=\"heading.default\">\n\t\t\t\t<div class=\"elementor-widget-container\">\n\t\t\t<h2 class=\"elementor-heading-title elementor-size-default\">TRANSPORT CONTINU<br>MAN TGS este de \u00eencredere \u00een func\u021bionare. <\/h2>\t\t<\/div>\n\t\t\t\t<\/div>\n\t\t\t\t\t<\/div>\n\t\t<\/div>\n\t\t\t\t<div class=\"elementor-column elementor-col-50 elementor-top-column elementor-element elementor-element-7cb3f3ac\" data-id=\"7cb3f3ac\" data-element_type=\"column\" data-settings=\"{&quot;background_background&quot;:&quot;slideshow&quot;,&quot;background_slideshow_gallery&quot;:[{&quot;id&quot;:16725,&quot;url&quot;:&quot;https:\\\/\\\/man.md\\\/wp-content\\\/uploads\\\/2021\\\/11\\\/man-lkw-tgs-partnership-teaser-1-1_width_800_height_600.jpg&quot;}],&quot;background_slideshow_loop&quot;:&quot;yes&quot;,&quot;background_slideshow_slide_duration&quot;:5000,&quot;background_slideshow_slide_transition&quot;:&quot;fade&quot;,&quot;background_slideshow_transition_duration&quot;:500}\">\n\t\t\t<div class=\"elementor-widget-wrap elementor-element-populated\">\n\t\t\t\t\t\t\t\t<div class=\"elementor-element elementor-element-465ecca4 elementor-widget elementor-widget-heading\" data-id=\"465ecca4\" data-element_type=\"widget\" data-widget_type=\"heading.default\">\n\t\t\t\t<div class=\"elementor-widget-container\">\n\t\t\t<h2 class=\"elementor-heading-title elementor-size-default\">PARTENER PROFESIONAL PENTRU SARCINI DIFICILE<br>MAN TGS este partenerul t\u0103u de \u00eencredere. \n<\/h2>\t\t<\/div>\n\t\t\t\t<\/div>\n\t\t\t\t\t<\/div>\n\t\t<\/div>\n\t\t\t\t\t\t\t<\/div>\n\t\t<\/section>\n\t\t\t\t<section class=\"elementor-section elementor-top-section elementor-element elementor-element-3ced93ab elementor-section-boxed elementor-section-height-default elementor-section-height-default\" data-id=\"3ced93ab\" data-element_type=\"section\">\n\t\t\t\t\t\t<div class=\"elementor-container elementor-column-gap-default\">\n\t\t\t\t\t<div class=\"elementor-column elementor-col-100 elementor-top-column elementor-element elementor-element-26e85ff3\" data-id=\"26e85ff3\" data-element_type=\"column\">\n\t\t\t<div class=\"elementor-widget-wrap elementor-element-populated\">\n\t\t\t\t\t\t\t\t<div class=\"elementor-element elementor-element-3be00d24 elementor-widget elementor-widget-spacer\" data-id=\"3be00d24\" data-element_type=\"widget\" data-widget_type=\"spacer.default\">\n\t\t\t\t<div class=\"elementor-widget-container\">\n\t\t\t\t\t<div class=\"elementor-spacer\">\n\t\t\t<div class=\"elementor-spacer-inner\"><\/div>\n\t\t<\/div>\n\t\t\t\t<\/div>\n\t\t\t\t<\/div>\n\t\t\t\t\t<\/div>\n\t\t<\/div>\n\t\t\t\t\t\t\t<\/div>\n\t\t<\/section>\n\t\t\t\t\t\t<\/div>\n\t\t\t\t\t<\/div>\n\t\t","protected":false},"excerpt":{"rendered":"<p>MOTTO-UL NOSTRU ESTE UN \u0218OFER \u00ceN CENTRU DE ATEN\u021aIE La MAN TGS, \u0219oferul este \u00eentotdeauna \u00een centrul aten\u021biei. EFICIEN\u021aA MAXIM\u0102 ESTE U\u0218OAR\u0102 MAN TGS ofer\u0103 o eficien\u021b\u0103 ridicat\u0103 la costuri reduse. TRANSPORT CONTINU MAN TGS este de \u00eencredere \u00een func\u021bionare. PARTENER PROFESIONAL PENTRU SARCINI DIFICILE MAN TGS este partenerul t\u0103u de \u00eencredere.<\/p>\n","protected":false},"author":1,"featured_media":16788,"parent":0,"menu_order":0,"comment_status":"closed","ping_status":"closed","template":"elementor_header_footer","meta":{"_monsterinsights_skip_tracking":false,"_monsterinsights_sitenote_active":false,"_monsterinsights_sitenote_note":"","_monsterinsights_sitenote_category":0,"footnotes":""},"class_list":["post-16587","page","type-page","status-publish","has-post-thumbnail","hentry","entry"],"_links":{"self":[{"href":"https:\/\/man.md\/ro\/wp-json\/wp\/v2\/pages\/16587","targetHints":{"allow":["GET"]}}],"collection":[{"href":"https:\/\/man.md\/ro\/wp-json\/wp\/v2\/pages"}],"about":[{"href":"https:\/\/man.md\/ro\/wp-json\/wp\/v2\/types\/page"}],"author":[{"embeddable":true,"href":"https:\/\/man.md\/ro\/wp-json\/wp\/v2\/users\/1"}],"replies":[{"embeddable":true,"href":"https:\/\/man.md\/ro\/wp-json\/wp\/v2\/comments?post=16587"}],"version-history":[{"count":30,"href":"https:\/\/man.md\/ro\/wp-json\/wp\/v2\/pages\/16587\/revisions"}],"predecessor-version":[{"id":16793,"href":"https:\/\/man.md\/ro\/wp-json\/wp\/v2\/pages\/16587\/revisions\/16793"}],"wp:featuredmedia":[{"embeddable":true,"href":"https:\/\/man.md\/ro\/wp-json\/wp\/v2\/media\/16788"}],"wp:attachment":[{"href":"https:\/\/man.md\/ro\/wp-json\/wp\/v2\/media?parent=16587"}],"curies":[{"name":"wp","href":"https:\/\/api.w.org\/{rel}","templated":true}]}}