{"id":16619,"date":"2021-11-08T08:51:23","date_gmt":"2021-11-08T08:51:23","guid":{"rendered":"https:\/\/man.md\/?page_id=16619"},"modified":"2021-11-08T13:48:35","modified_gmt":"2021-11-08T13:48:35","slug":"man-tgm","status":"publish","type":"page","link":"https:\/\/man.md\/ro\/man-tgm\/","title":{"rendered":"MAN TGM"},"content":{"rendered":"\t\t<div data-elementor-type=\"wp-page\" data-elementor-id=\"16619\" class=\"elementor elementor-16619\" data-elementor-settings=\"[]\">\n\t\t\t\t\t\t\t<div class=\"elementor-section-wrap\">\n\t\t\t\t\t\t\t<section class=\"elementor-section elementor-top-section elementor-element elementor-element-69bf2afc elementor-section-full_width home_d_slider elementor-section-height-default elementor-section-height-default\" data-id=\"69bf2afc\" data-element_type=\"section\" data-settings=\"{&quot;background_background&quot;:&quot;video&quot;,&quot;background_video_link&quot;:&quot;https:\\\/\\\/www.youtube.com\\\/watch?v=KyZajd_MhpQ&quot;,&quot;background_play_on_mobile&quot;:&quot;yes&quot;}\">\n\t\t\t\t\t\t\t\t<div class=\"elementor-background-video-container\">\n\t\t\t\t\t\t\t\t\t\t\t\t\t<div class=\"elementor-background-video-embed\"><\/div>\n\t\t\t\t\t\t\t\t\t\t\t\t<\/div>\n\t\t\t\t\t\t\t\t<div class=\"elementor-container elementor-column-gap-default\">\n\t\t\t\t\t<div class=\"elementor-column elementor-col-100 elementor-top-column elementor-element elementor-element-2b14d562\" data-id=\"2b14d562\" data-element_type=\"column\">\n\t\t\t<div class=\"elementor-widget-wrap\">\n\t\t\t\t\t\t\t\t\t<\/div>\n\t\t<\/div>\n\t\t\t\t\t\t\t<\/div>\n\t\t<\/section>\n\t\t\t\t<section class=\"elementor-section elementor-top-section elementor-element elementor-element-2cc08706 elementor-section-boxed elementor-section-height-default elementor-section-height-default\" data-id=\"2cc08706\" data-element_type=\"section\">\n\t\t\t\t\t\t<div class=\"elementor-container elementor-column-gap-default\">\n\t\t\t\t\t<div class=\"elementor-column elementor-col-100 elementor-top-column elementor-element elementor-element-5e0347f6\" data-id=\"5e0347f6\" data-element_type=\"column\">\n\t\t\t<div class=\"elementor-widget-wrap elementor-element-populated\">\n\t\t\t\t\t\t\t\t<div class=\"elementor-element elementor-element-19bbb952 elementor-widget elementor-widget-spacer\" data-id=\"19bbb952\" data-element_type=\"widget\" data-widget_type=\"spacer.default\">\n\t\t\t\t<div class=\"elementor-widget-container\">\n\t\t\t\t\t<div class=\"elementor-spacer\">\n\t\t\t<div class=\"elementor-spacer-inner\"><\/div>\n\t\t<\/div>\n\t\t\t\t<\/div>\n\t\t\t\t<\/div>\n\t\t\t\t\t<\/div>\n\t\t<\/div>\n\t\t\t\t\t\t\t<\/div>\n\t\t<\/section>\n\t\t\t\t<section class=\"elementor-section elementor-top-section elementor-element elementor-element-375c1f32 elementor-section-full_width col__margin elementor-section-height-default elementor-section-height-default\" data-id=\"375c1f32\" data-element_type=\"section\">\n\t\t\t\t\t\t<div class=\"elementor-container elementor-column-gap-default\">\n\t\t\t\t\t<div class=\"elementor-column elementor-col-33 elementor-top-column elementor-element elementor-element-74dbd949\" data-id=\"74dbd949\" data-element_type=\"column\" data-settings=\"{&quot;background_background&quot;:&quot;slideshow&quot;,&quot;background_slideshow_gallery&quot;:[{&quot;id&quot;:16761,&quot;url&quot;:&quot;https:\\\/\\\/man.md\\\/wp-content\\\/uploads\\\/2021\\\/11\\\/man-lkw-tgm-tgl-driver-fit-teaser-1-1_width_534_height_534.jpg&quot;}],&quot;background_slideshow_loop&quot;:&quot;yes&quot;,&quot;background_slideshow_slide_duration&quot;:5000,&quot;background_slideshow_slide_transition&quot;:&quot;fade&quot;,&quot;background_slideshow_transition_duration&quot;:500}\">\n\t\t\t<div class=\"elementor-widget-wrap elementor-element-populated\">\n\t\t\t\t\t\t\t\t<div class=\"elementor-element elementor-element-6629a23f elementor-widget elementor-widget-heading\" data-id=\"6629a23f\" data-element_type=\"widget\" data-widget_type=\"heading.default\">\n\t\t\t\t<div class=\"elementor-widget-container\">\n\t\t\t<h2 class=\"elementor-heading-title elementor-size-default\">PRIMA MUNC\u0102 \u0218I PLACERE<br>MAN TGM \u0219i MAN TGL m\u0103resc nivelul de confort \u0219i siguran\u021b\u0103. \n<\/h2>\t\t<\/div>\n\t\t\t\t<\/div>\n\t\t\t\t\t<\/div>\n\t\t<\/div>\n\t\t\t\t<div class=\"elementor-column elementor-col-33 elementor-top-column elementor-element elementor-element-e286847\" data-id=\"e286847\" data-element_type=\"column\" data-settings=\"{&quot;background_background&quot;:&quot;slideshow&quot;,&quot;background_slideshow_gallery&quot;:[{&quot;id&quot;:16762,&quot;url&quot;:&quot;https:\\\/\\\/man.md\\\/wp-content\\\/uploads\\\/2021\\\/11\\\/man-lkw-tgm-tgl-efficiency-teaser-1-1_width_534_height_534.jpg&quot;}],&quot;background_slideshow_loop&quot;:&quot;yes&quot;,&quot;background_slideshow_slide_duration&quot;:5000,&quot;background_slideshow_slide_transition&quot;:&quot;fade&quot;,&quot;background_slideshow_transition_duration&quot;:500}\">\n\t\t\t<div class=\"elementor-widget-wrap elementor-element-populated\">\n\t\t\t\t\t\t\t\t<div class=\"elementor-element elementor-element-e539428 elementor-widget elementor-widget-heading\" data-id=\"e539428\" data-element_type=\"widget\" data-widget_type=\"heading.default\">\n\t\t\t\t<div class=\"elementor-widget-container\">\n\t\t\t<h2 class=\"elementor-heading-title elementor-size-default\">CONSUMUL SE REDUCE, S\u0102 M\u0102R\u0102SC\u0102 \u00ceNC\u0102RC\u0102TURA UTIL\u0102<br>Eficien\u021b\u0103 pe drum cu MAN TGM \u0219i MAN TGL. \n<\/h2>\t\t<\/div>\n\t\t\t\t<\/div>\n\t\t\t\t\t<\/div>\n\t\t<\/div>\n\t\t\t\t<div class=\"elementor-column elementor-col-33 elementor-top-column elementor-element elementor-element-221c72c1\" data-id=\"221c72c1\" data-element_type=\"column\" data-settings=\"{&quot;background_background&quot;:&quot;slideshow&quot;,&quot;background_slideshow_gallery&quot;:[{&quot;id&quot;:16763,&quot;url&quot;:&quot;https:\\\/\\\/man.md\\\/wp-content\\\/uploads\\\/2021\\\/11\\\/man-lkw-tgm-tgl-partnership-teaser-1-1_width_534_height_534.jpg&quot;}],&quot;background_slideshow_loop&quot;:&quot;yes&quot;,&quot;background_slideshow_slide_duration&quot;:5000,&quot;background_slideshow_slide_transition&quot;:&quot;fade&quot;,&quot;background_slideshow_transition_duration&quot;:500}\">\n\t\t\t<div class=\"elementor-widget-wrap elementor-element-populated\">\n\t\t\t\t\t\t\t\t<div class=\"elementor-element elementor-element-2eec5916 elementor-widget elementor-widget-heading\" data-id=\"2eec5916\" data-element_type=\"widget\" data-widget_type=\"heading.default\">\n\t\t\t\t<div class=\"elementor-widget-container\">\n\t\t\t<h2 class=\"elementor-heading-title elementor-size-default\">CHEAM CLIEN\u021aI PARTENERI<br>Suntem partenerul t\u0103u profesional. \n<\/h2>\t\t<\/div>\n\t\t\t\t<\/div>\n\t\t\t\t\t<\/div>\n\t\t<\/div>\n\t\t\t\t\t\t\t<\/div>\n\t\t<\/section>\n\t\t\t\t<section class=\"elementor-section elementor-top-section elementor-element elementor-element-53992647 elementor-section-boxed elementor-section-height-default elementor-section-height-default\" data-id=\"53992647\" data-element_type=\"section\">\n\t\t\t\t\t\t<div class=\"elementor-container elementor-column-gap-default\">\n\t\t\t\t\t<div class=\"elementor-column elementor-col-100 elementor-top-column elementor-element elementor-element-247b1e3a\" data-id=\"247b1e3a\" data-element_type=\"column\">\n\t\t\t<div class=\"elementor-widget-wrap elementor-element-populated\">\n\t\t\t\t\t\t\t\t<div class=\"elementor-element elementor-element-99ec141 elementor-widget elementor-widget-spacer\" data-id=\"99ec141\" data-element_type=\"widget\" data-widget_type=\"spacer.default\">\n\t\t\t\t<div class=\"elementor-widget-container\">\n\t\t\t\t\t<div class=\"elementor-spacer\">\n\t\t\t<div class=\"elementor-spacer-inner\"><\/div>\n\t\t<\/div>\n\t\t\t\t<\/div>\n\t\t\t\t<\/div>\n\t\t\t\t\t<\/div>\n\t\t<\/div>\n\t\t\t\t\t\t\t<\/div>\n\t\t<\/section>\n\t\t\t\t\t\t<\/div>\n\t\t\t\t\t<\/div>\n\t\t","protected":false},"excerpt":{"rendered":"<p>PRIMA MUNC\u0102 \u0218I PLACERE MAN TGM \u0219i MAN TGL m\u0103resc nivelul de confort \u0219i siguran\u021b\u0103. CONSUMUL SE REDUCE, S\u0102 M\u0102R\u0102SC\u0102 \u00ceNC\u0102RC\u0102TURA UTIL\u0102 Eficien\u021b\u0103 pe drum cu MAN TGM \u0219i MAN TGL. CHEAM CLIEN\u021aI PARTENERI Suntem partenerul t\u0103u profesional.<\/p>\n","protected":false},"author":1,"featured_media":16788,"parent":0,"menu_order":0,"comment_status":"closed","ping_status":"closed","template":"elementor_header_footer","meta":{"_monsterinsights_skip_tracking":false,"_monsterinsights_sitenote_active":false,"_monsterinsights_sitenote_note":"","_monsterinsights_sitenote_category":0,"footnotes":""},"class_list":["post-16619","page","type-page","status-publish","has-post-thumbnail","hentry","entry"],"_links":{"self":[{"href":"https:\/\/man.md\/ro\/wp-json\/wp\/v2\/pages\/16619","targetHints":{"allow":["GET"]}}],"collection":[{"href":"https:\/\/man.md\/ro\/wp-json\/wp\/v2\/pages"}],"about":[{"href":"https:\/\/man.md\/ro\/wp-json\/wp\/v2\/types\/page"}],"author":[{"embeddable":true,"href":"https:\/\/man.md\/ro\/wp-json\/wp\/v2\/users\/1"}],"replies":[{"embeddable":true,"href":"https:\/\/man.md\/ro\/wp-json\/wp\/v2\/comments?post=16619"}],"version-history":[{"count":32,"href":"https:\/\/man.md\/ro\/wp-json\/wp\/v2\/pages\/16619\/revisions"}],"predecessor-version":[{"id":16794,"href":"https:\/\/man.md\/ro\/wp-json\/wp\/v2\/pages\/16619\/revisions\/16794"}],"wp:featuredmedia":[{"embeddable":true,"href":"https:\/\/man.md\/ro\/wp-json\/wp\/v2\/media\/16788"}],"wp:attachment":[{"href":"https:\/\/man.md\/ro\/wp-json\/wp\/v2\/media?parent=16619"}],"curies":[{"name":"wp","href":"https:\/\/api.w.org\/{rel}","templated":true}]}}